{"id":7417,"date":"2026-03-16T20:01:09","date_gmt":"2026-03-16T20:01:09","guid":{"rendered":"http:\/\/mg56-photos.fr\/?page_id=7417"},"modified":"2026-03-16T21:21:02","modified_gmt":"2026-03-16T21:21:02","slug":"galeries","status":"publish","type":"page","link":"https:\/\/mg56-photos.fr\/index.php\/galeries\/","title":{"rendered":"Galeries"},"content":{"rendered":"\n<div style=\"height:50px\" aria-hidden=\"true\" class=\"wp-block-spacer\"><\/div>\n\n\n\n<div class=\"wp-block-columns is-layout-flex wp-container-core-columns-is-layout-9d6595d7 wp-block-columns-is-layout-flex\">\n<div class=\"wp-block-column is-layout-flow wp-block-column-is-layout-flow\">\n<div class=\"wp-block-columns is-layout-flex wp-container-core-columns-is-layout-9d6595d7 wp-block-columns-is-layout-flex\">\n<div class=\"wp-block-column is-layout-flow wp-block-column-is-layout-flow\">\n<h3 class=\"wp-block-heading\"><\/h3>\n<\/div>\n\n\n\n<div class=\"wp-block-column is-layout-flow wp-block-column-is-layout-flow\">\n<figure class=\"wp-block-image size-full\"><img loading=\"lazy\" decoding=\"async\" width=\"1024\" height=\"683\" src=\"http:\/\/mg56-photos.fr\/wp-content\/uploads\/2026\/03\/Parc.jpg\" alt=\"\" class=\"wp-image-7440\" srcset=\"https:\/\/mg56-photos.fr\/wp-content\/uploads\/2026\/03\/Parc.jpg 1024w, https:\/\/mg56-photos.fr\/wp-content\/uploads\/2026\/03\/Parc-300x200.jpg 300w, https:\/\/mg56-photos.fr\/wp-content\/uploads\/2026\/03\/Parc-768x512.jpg 768w\" sizes=\"auto, (max-width: 1024px) 100vw, 1024px\" \/><\/figure>\n\n\n\n<h4 class=\"wp-block-heading has-text-align-center\">Terres de Nata\u00e9<\/h4>\n<\/div>\n<\/div>\n<\/div>\n\n\n\n<div class=\"wp-block-column is-layout-flow wp-block-column-is-layout-flow\">\n<div class=\"wp-block-columns is-layout-flex wp-container-core-columns-is-layout-9d6595d7 wp-block-columns-is-layout-flex\">\n<div class=\"wp-block-column is-layout-flow wp-block-column-is-layout-flow\">\n<figure class=\"wp-block-image size-full\"><img loading=\"lazy\" decoding=\"async\" width=\"1024\" height=\"683\" src=\"http:\/\/mg56-photos.fr\/wp-content\/uploads\/2026\/03\/Parc.jpg\" alt=\"\" class=\"wp-image-7440\" srcset=\"https:\/\/mg56-photos.fr\/wp-content\/uploads\/2026\/03\/Parc.jpg 1024w, https:\/\/mg56-photos.fr\/wp-content\/uploads\/2026\/03\/Parc-300x200.jpg 300w, https:\/\/mg56-photos.fr\/wp-content\/uploads\/2026\/03\/Parc-768x512.jpg 768w\" sizes=\"auto, (max-width: 1024px) 100vw, 1024px\" \/><\/figure>\n\n\n\n<h4 class=\"wp-block-heading has-text-align-center\">Parc de Branf\u00e9r\u00e9<\/h4>\n<\/div>\n\n\n\n<div class=\"wp-block-column is-layout-flow wp-block-column-is-layout-flow\">\n<figure class=\"wp-block-image size-full\"><img loading=\"lazy\" decoding=\"async\" width=\"1024\" height=\"683\" src=\"http:\/\/mg56-photos.fr\/wp-content\/uploads\/2026\/03\/Parc.jpg\" alt=\"\" class=\"wp-image-7440\" srcset=\"https:\/\/mg56-photos.fr\/wp-content\/uploads\/2026\/03\/Parc.jpg 1024w, https:\/\/mg56-photos.fr\/wp-content\/uploads\/2026\/03\/Parc-300x200.jpg 300w, https:\/\/mg56-photos.fr\/wp-content\/uploads\/2026\/03\/Parc-768x512.jpg 768w\" sizes=\"auto, (max-width: 1024px) 100vw, 1024px\" \/><\/figure>\n\n\n\n<h4 class=\"wp-block-heading has-text-align-center\">Parc de Tr\u00e9gomeur<\/h4>\n<\/div>\n<\/div>\n<\/div>\n\n\n\n<div class=\"wp-block-column is-layout-flow wp-block-column-is-layout-flow\">\n<div class=\"wp-block-columns is-layout-flex wp-container-core-columns-is-layout-9d6595d7 wp-block-columns-is-layout-flex\">\n<div class=\"wp-block-column is-layout-flow wp-block-column-is-layout-flow\">\n<figure class=\"wp-block-image size-full\"><img loading=\"lazy\" decoding=\"async\" width=\"1024\" height=\"683\" src=\"http:\/\/mg56-photos.fr\/wp-content\/uploads\/2026\/03\/Parc.jpg\" alt=\"\" class=\"wp-image-7440\" srcset=\"https:\/\/mg56-photos.fr\/wp-content\/uploads\/2026\/03\/Parc.jpg 1024w, https:\/\/mg56-photos.fr\/wp-content\/uploads\/2026\/03\/Parc-300x200.jpg 300w, https:\/\/mg56-photos.fr\/wp-content\/uploads\/2026\/03\/Parc-768x512.jpg 768w\" sizes=\"auto, (max-width: 1024px) 100vw, 1024px\" \/><\/figure>\n\n\n\n<h4 class=\"wp-block-heading has-text-align-center\">Parc de la Bourbansais<\/h4>\n<\/div>\n\n\n\n<div class=\"wp-block-column is-layout-flow wp-block-column-is-layout-flow\">\n<h3 class=\"wp-block-heading\"><\/h3>\n<\/div>\n<\/div>\n<\/div>\n<\/div>\n\n\n\n<div class=\"wp-block-columns is-layout-flex wp-container-core-columns-is-layout-9d6595d7 wp-block-columns-is-layout-flex\">\n<div class=\"wp-block-column is-layout-flow wp-block-column-is-layout-flow\">\n<div class=\"wp-block-columns is-layout-flex wp-container-core-columns-is-layout-9d6595d7 wp-block-columns-is-layout-flex\">\n<div class=\"wp-block-column is-layout-flow wp-block-column-is-layout-flow\">\n<h3 class=\"wp-block-heading\"><\/h3>\n<\/div>\n\n\n\n<div class=\"wp-block-column is-layout-flow wp-block-column-is-layout-flow\">\n<figure class=\"wp-block-image size-full\"><img loading=\"lazy\" decoding=\"async\" width=\"1024\" height=\"683\" src=\"http:\/\/mg56-photos.fr\/wp-content\/uploads\/2026\/03\/Parc.jpg\" alt=\"\" class=\"wp-image-7440\" srcset=\"https:\/\/mg56-photos.fr\/wp-content\/uploads\/2026\/03\/Parc.jpg 1024w, https:\/\/mg56-photos.fr\/wp-content\/uploads\/2026\/03\/Parc-300x200.jpg 300w, https:\/\/mg56-photos.fr\/wp-content\/uploads\/2026\/03\/Parc-768x512.jpg 768w\" sizes=\"auto, (max-width: 1024px) 100vw, 1024px\" \/><\/figure>\n\n\n\n<h4 class=\"wp-block-heading has-text-align-center\">Zoo de La Boissi\u00e8re du Dor\u00e9<\/h4>\n<\/div>\n<\/div>\n<\/div>\n\n\n\n<div class=\"wp-block-column is-layout-flow wp-block-column-is-layout-flow\">\n<div class=\"wp-block-columns is-layout-flex wp-container-core-columns-is-layout-9d6595d7 wp-block-columns-is-layout-flex\">\n<div class=\"wp-block-column is-layout-flow wp-block-column-is-layout-flow\">\n<figure class=\"wp-block-image size-full\"><img loading=\"lazy\" decoding=\"async\" width=\"1024\" height=\"683\" src=\"http:\/\/mg56-photos.fr\/wp-content\/uploads\/2026\/03\/Parc.jpg\" alt=\"\" class=\"wp-image-7440\" srcset=\"https:\/\/mg56-photos.fr\/wp-content\/uploads\/2026\/03\/Parc.jpg 1024w, https:\/\/mg56-photos.fr\/wp-content\/uploads\/2026\/03\/Parc-300x200.jpg 300w, https:\/\/mg56-photos.fr\/wp-content\/uploads\/2026\/03\/Parc-768x512.jpg 768w\" sizes=\"auto, (max-width: 1024px) 100vw, 1024px\" \/><\/figure>\n\n\n\n<h4 class=\"wp-block-heading has-text-align-center\">Bioparc de Dou\u00e9 la Fontaine<\/h4>\n<\/div>\n\n\n\n<div class=\"wp-block-column is-layout-flow wp-block-column-is-layout-flow\">\n<figure class=\"wp-block-image size-full\"><img loading=\"lazy\" decoding=\"async\" width=\"1024\" height=\"683\" src=\"http:\/\/mg56-photos.fr\/wp-content\/uploads\/2026\/03\/Parc.jpg\" alt=\"\" class=\"wp-image-7440\" srcset=\"https:\/\/mg56-photos.fr\/wp-content\/uploads\/2026\/03\/Parc.jpg 1024w, https:\/\/mg56-photos.fr\/wp-content\/uploads\/2026\/03\/Parc-300x200.jpg 300w, https:\/\/mg56-photos.fr\/wp-content\/uploads\/2026\/03\/Parc-768x512.jpg 768w\" sizes=\"auto, (max-width: 1024px) 100vw, 1024px\" \/><\/figure>\n\n\n\n<h4 class=\"wp-block-heading has-text-align-center\">ZooParc de Beauval<\/h4>\n<\/div>\n<\/div>\n<\/div>\n\n\n\n<div class=\"wp-block-column is-layout-flow wp-block-column-is-layout-flow\">\n<div class=\"wp-block-columns is-layout-flex wp-container-core-columns-is-layout-9d6595d7 wp-block-columns-is-layout-flex\">\n<div class=\"wp-block-column is-layout-flow wp-block-column-is-layout-flow\">\n<figure class=\"wp-block-image size-full\"><img loading=\"lazy\" decoding=\"async\" width=\"1024\" height=\"683\" src=\"http:\/\/mg56-photos.fr\/wp-content\/uploads\/2026\/03\/Parc.jpg\" alt=\"\" class=\"wp-image-7440\" srcset=\"https:\/\/mg56-photos.fr\/wp-content\/uploads\/2026\/03\/Parc.jpg 1024w, https:\/\/mg56-photos.fr\/wp-content\/uploads\/2026\/03\/Parc-300x200.jpg 300w, https:\/\/mg56-photos.fr\/wp-content\/uploads\/2026\/03\/Parc-768x512.jpg 768w\" sizes=\"auto, (max-width: 1024px) 100vw, 1024px\" \/><\/figure>\n\n\n\n<h4 class=\"wp-block-heading has-text-align-center\">La Vall\u00e9e des Singes<\/h4>\n<\/div>\n\n\n\n<div class=\"wp-block-column is-layout-flow wp-block-column-is-layout-flow\">\n<h3 class=\"wp-block-heading\"><\/h3>\n<\/div>\n<\/div>\n<\/div>\n<\/div>\n\n\n\n<div class=\"wp-block-columns is-layout-flex wp-container-core-columns-is-layout-9d6595d7 wp-block-columns-is-layout-flex\">\n<div class=\"wp-block-column is-layout-flow wp-block-column-is-layout-flow\">\n<div class=\"wp-block-columns is-layout-flex wp-container-core-columns-is-layout-9d6595d7 wp-block-columns-is-layout-flex\">\n<div class=\"wp-block-column is-layout-flow wp-block-column-is-layout-flow\">\n<h3 class=\"wp-block-heading\"><\/h3>\n<\/div>\n\n\n\n<div class=\"wp-block-column is-layout-flow wp-block-column-is-layout-flow\">\n<figure class=\"wp-block-image size-full\"><img loading=\"lazy\" decoding=\"async\" width=\"1024\" height=\"683\" src=\"http:\/\/mg56-photos.fr\/wp-content\/uploads\/2026\/03\/Parc.jpg\" alt=\"\" class=\"wp-image-7440\" srcset=\"https:\/\/mg56-photos.fr\/wp-content\/uploads\/2026\/03\/Parc.jpg 1024w, https:\/\/mg56-photos.fr\/wp-content\/uploads\/2026\/03\/Parc-300x200.jpg 300w, https:\/\/mg56-photos.fr\/wp-content\/uploads\/2026\/03\/Parc-768x512.jpg 768w\" sizes=\"auto, (max-width: 1024px) 100vw, 1024px\" \/><\/figure>\n\n\n\n<h4 class=\"wp-block-heading has-text-align-center\">Zoo de La Fl\u00e8che<\/h4>\n<\/div>\n<\/div>\n<\/div>\n\n\n\n<div class=\"wp-block-column is-layout-flow wp-block-column-is-layout-flow\">\n<div class=\"wp-block-columns is-layout-flex wp-container-core-columns-is-layout-9d6595d7 wp-block-columns-is-layout-flex\">\n<div class=\"wp-block-column is-layout-flow wp-block-column-is-layout-flow\">\n<figure class=\"wp-block-image size-full\"><img loading=\"lazy\" decoding=\"async\" width=\"1024\" height=\"683\" src=\"http:\/\/mg56-photos.fr\/wp-content\/uploads\/2026\/03\/Parc.jpg\" alt=\"\" class=\"wp-image-7440\" srcset=\"https:\/\/mg56-photos.fr\/wp-content\/uploads\/2026\/03\/Parc.jpg 1024w, https:\/\/mg56-photos.fr\/wp-content\/uploads\/2026\/03\/Parc-300x200.jpg 300w, https:\/\/mg56-photos.fr\/wp-content\/uploads\/2026\/03\/Parc-768x512.jpg 768w\" sizes=\"auto, (max-width: 1024px) 100vw, 1024px\" \/><\/figure>\n\n\n\n<h4 class=\"wp-block-heading has-text-align-center\">Wow Safari Thoiry<\/h4>\n<\/div>\n\n\n\n<div class=\"wp-block-column is-layout-flow wp-block-column-is-layout-flow\">\n<figure class=\"wp-block-image size-full\"><img loading=\"lazy\" decoding=\"async\" width=\"1024\" height=\"683\" src=\"http:\/\/mg56-photos.fr\/wp-content\/uploads\/2026\/03\/Parc.jpg\" alt=\"\" class=\"wp-image-7440\" srcset=\"https:\/\/mg56-photos.fr\/wp-content\/uploads\/2026\/03\/Parc.jpg 1024w, https:\/\/mg56-photos.fr\/wp-content\/uploads\/2026\/03\/Parc-300x200.jpg 300w, https:\/\/mg56-photos.fr\/wp-content\/uploads\/2026\/03\/Parc-768x512.jpg 768w\" sizes=\"auto, (max-width: 1024px) 100vw, 1024px\" \/><\/figure>\n\n\n\n<h4 class=\"wp-block-heading has-text-align-center\">Parc Zoo du Reynou<\/h4>\n<\/div>\n<\/div>\n<\/div>\n\n\n\n<div class=\"wp-block-column is-layout-flow wp-block-column-is-layout-flow\">\n<div class=\"wp-block-columns is-layout-flex wp-container-core-columns-is-layout-9d6595d7 wp-block-columns-is-layout-flex\">\n<div class=\"wp-block-column is-layout-flow wp-block-column-is-layout-flow\">\n<h4 class=\"wp-block-heading\"><\/h4>\n<\/div>\n\n\n\n<div class=\"wp-block-column is-layout-flow wp-block-column-is-layout-flow\">\n<h3 class=\"wp-block-heading\"><\/h3>\n<\/div>\n<\/div>\n<\/div>\n<\/div>\n\n\n\n<p><\/p>\n","protected":false},"excerpt":{"rendered":"<p>Terres de Nata\u00e9 Parc de Branf\u00e9r\u00e9 Parc de Tr\u00e9gomeur Parc de la Bourbansais Zoo de La Boissi\u00e8re du Dor\u00e9 Bioparc de Dou\u00e9 la Fontaine ZooParc de Beauval La Vall\u00e9e des Singes Zoo de La Fl\u00e8che Wow Safari Thoiry Parc Zoo du Reynou<\/p>\n","protected":false},"author":1,"featured_media":0,"parent":0,"menu_order":0,"comment_status":"closed","ping_status":"closed","template":"","meta":{"ngg_post_thumbnail":0,"footnotes":""},"class_list":["post-7417","page","type-page","status-publish","hentry","entry"],"_links":{"self":[{"href":"https:\/\/mg56-photos.fr\/index.php\/wp-json\/wp\/v2\/pages\/7417","targetHints":{"allow":["GET"]}}],"collection":[{"href":"https:\/\/mg56-photos.fr\/index.php\/wp-json\/wp\/v2\/pages"}],"about":[{"href":"https:\/\/mg56-photos.fr\/index.php\/wp-json\/wp\/v2\/types\/page"}],"author":[{"embeddable":true,"href":"https:\/\/mg56-photos.fr\/index.php\/wp-json\/wp\/v2\/users\/1"}],"replies":[{"embeddable":true,"href":"https:\/\/mg56-photos.fr\/index.php\/wp-json\/wp\/v2\/comments?post=7417"}],"version-history":[{"count":10,"href":"https:\/\/mg56-photos.fr\/index.php\/wp-json\/wp\/v2\/pages\/7417\/revisions"}],"predecessor-version":[{"id":7454,"href":"https:\/\/mg56-photos.fr\/index.php\/wp-json\/wp\/v2\/pages\/7417\/revisions\/7454"}],"wp:attachment":[{"href":"https:\/\/mg56-photos.fr\/index.php\/wp-json\/wp\/v2\/media?parent=7417"}],"curies":[{"name":"wp","href":"https:\/\/api.w.org\/{rel}","templated":true}]}}